{"id":51,"date":"2017-06-14T08:55:23","date_gmt":"2017-06-14T11:55:23","guid":{"rendered":"http:\/\/dummy.xtemos.com\/woodmart\/?post_type=product&#038;p=51"},"modified":"2024-05-10T15:37:49","modified_gmt":"2024-05-10T18:37:49","slug":"classic-wooden-chair","status":"publish","type":"product","link":"http:\/\/costaodaserrasc.com.br\/loja\/loja\/tomates-secos\/classic-wooden-chair\/","title":{"rendered":"Antepasto Tomate Seco 180g"},"content":{"rendered":"<p>Antepasto Tomate Seco 180g<\/p>\n<p><strong>Depois de desidratados e temperados os tomates adquirem um sabor especial, enriquecendo diversos pratos. Usado em saladas verdes, massa cozida al dente, risotos, sandu\u00edches e como antepastos em p\u00e3es e torradas. O \u00f3leo que fica no frasco \u00e9 excelente para uso culin\u00e1rio.\u00a0<\/strong><\/p>\n<p><strong>TOMATE SECO AO AZEITE DE OLIVA\u00a0<\/strong><br \/>\nIngredientes: Tomate Desidratado, azeite de oliva,alcaparras, a\u00e7\u00facar, sal, or\u00e9gano, louro e acidulante \u00e1cido c\u00edtrico.<br \/>\nEmbalagens de 180g (PL: 180g PD:110g)<br \/>\nCaixas com 12 un.<\/p>\n","protected":false},"excerpt":{"rendered":"<p>Antepasto Tomate Seco 180g Depois de desidratados e temperados os tomates adquirem um sabor especial, enriquecendo diversos pratos. Usado em<\/p>\n","protected":false},"featured_media":2188,"comment_status":"open","ping_status":"closed","template":"","meta":[],"_links":{"self":[{"href":"http:\/\/costaodaserrasc.com.br\/loja\/wp-json\/wp\/v2\/product\/51"}],"collection":[{"href":"http:\/\/costaodaserrasc.com.br\/loja\/wp-json\/wp\/v2\/product"}],"about":[{"href":"http:\/\/costaodaserrasc.com.br\/loja\/wp-json\/wp\/v2\/types\/product"}],"replies":[{"embeddable":true,"href":"http:\/\/costaodaserrasc.com.br\/loja\/wp-json\/wp\/v2\/comments?post=51"}],"wp:featuredmedia":[{"embeddable":true,"href":"http:\/\/costaodaserrasc.com.br\/loja\/wp-json\/wp\/v2\/media\/2188"}],"wp:attachment":[{"href":"http:\/\/costaodaserrasc.com.br\/loja\/wp-json\/wp\/v2\/media?parent=51"}],"curies":[{"name":"wp","href":"https:\/\/api.w.org\/{rel}","templated":true}]}}