{"id":1686,"date":"2018-04-01T20:09:10","date_gmt":"2018-04-01T23:09:10","guid":{"rendered":"http:\/\/costaodaserrasc.com.br\/loja\/?post_type=product&#038;p=1686"},"modified":"2024-05-08T21:27:27","modified_gmt":"2024-05-09T00:27:27","slug":"pasta-de-cebola-alho-salsa-cebolinha-220g","status":"publish","type":"product","link":"http:\/\/costaodaserrasc.com.br\/loja\/loja\/temperos\/pasta-de-cebola-alho-salsa-cebolinha-220g\/","title":{"rendered":"Pasta de Cebola, Alho, Salsa e Cebolinha Sem Sal 180g"},"content":{"rendered":"<p>TEMPEROS<\/p>\n<p><strong>Desenvolvido a base de cebola, alho, tempero verde e \u00f3leo de girassol, sem adi\u00e7\u00e3o de sal. Usado no preparo de diversos pratos, como: arroz, sopa, feij\u00e3o, carnes, legumes.<\/strong><\/p>\n<p><strong>Pasta de Cebola, Alho, Salsa e Cebolinha Sem Sal 180g<\/strong><br \/>\nIngredientes: Cebola, alho, \u00f3leo de girassol, salsa, cebolinha, sal e vinagre.<br \/>\nEmbalagens de 180g<br \/>\nCaixas com 12 un.<\/p>\n<p>&nbsp;<\/p>\n","protected":false},"excerpt":{"rendered":"<p>TEMPEROS Desenvolvido a base de cebola, alho, tempero verde e \u00f3leo de girassol, sem adi\u00e7\u00e3o de sal. Usado no preparo<\/p>\n","protected":false},"featured_media":2173,"comment_status":"open","ping_status":"closed","template":"","meta":[],"_links":{"self":[{"href":"http:\/\/costaodaserrasc.com.br\/loja\/wp-json\/wp\/v2\/product\/1686"}],"collection":[{"href":"http:\/\/costaodaserrasc.com.br\/loja\/wp-json\/wp\/v2\/product"}],"about":[{"href":"http:\/\/costaodaserrasc.com.br\/loja\/wp-json\/wp\/v2\/types\/product"}],"replies":[{"embeddable":true,"href":"http:\/\/costaodaserrasc.com.br\/loja\/wp-json\/wp\/v2\/comments?post=1686"}],"wp:featuredmedia":[{"embeddable":true,"href":"http:\/\/costaodaserrasc.com.br\/loja\/wp-json\/wp\/v2\/media\/2173"}],"wp:attachment":[{"href":"http:\/\/costaodaserrasc.com.br\/loja\/wp-json\/wp\/v2\/media?parent=1686"}],"curies":[{"name":"wp","href":"https:\/\/api.w.org\/{rel}","templated":true}]}}