{"id":1682,"date":"2018-03-31T19:38:08","date_gmt":"2018-03-31T22:38:08","guid":{"rendered":"http:\/\/costaodaserrasc.com.br\/loja\/?post_type=product&#038;p=1682"},"modified":"2024-05-10T15:09:20","modified_gmt":"2024-05-10T18:09:20","slug":"molho-pomodori-pelati-classico-180g","status":"publish","type":"product","link":"http:\/\/costaodaserrasc.com.br\/loja\/loja\/molhos\/molho-pomodori-pelati-classico-180g\/","title":{"rendered":"Molho Pomodori Pelati Cl\u00e1ssico 180g"},"content":{"rendered":"<p><strong>MOLHO DE POMODORI PELATI<\/strong><\/p>\n<p><strong>Os melhores molhos de tomate, s\u00e3o preparados com ingredientes selecionados. \u00c9 uma grande prazer servir para voc\u00ea, um molho com os tomates italianos de variedade muito saborosa e adequada, devido ao baixo teor de acidez. Em sua receita apenas os tomates e os temperos d\u00e3o a consist\u00eancia cremosa ao molho.<\/strong><\/p>\n<p><strong>MOLHO POMODORI PELATI CL\u00c1SSICO<\/strong><br \/>\nIngredientes: Tomates pelados, cebola, alho, \u00f3leo de girassol, a\u00e7\u00facar e sal.<br \/>\nEmbalagens de 180g<br \/>\nCaixas com 12 un.<\/p>\n","protected":false},"excerpt":{"rendered":"<p>MOLHO DE POMODORI PELATI Os melhores molhos de tomate, s\u00e3o preparados com ingredientes selecionados. \u00c9 uma grande prazer servir para<\/p>\n","protected":false},"featured_media":2177,"comment_status":"open","ping_status":"closed","template":"","meta":[],"_links":{"self":[{"href":"http:\/\/costaodaserrasc.com.br\/loja\/wp-json\/wp\/v2\/product\/1682"}],"collection":[{"href":"http:\/\/costaodaserrasc.com.br\/loja\/wp-json\/wp\/v2\/product"}],"about":[{"href":"http:\/\/costaodaserrasc.com.br\/loja\/wp-json\/wp\/v2\/types\/product"}],"replies":[{"embeddable":true,"href":"http:\/\/costaodaserrasc.com.br\/loja\/wp-json\/wp\/v2\/comments?post=1682"}],"wp:featuredmedia":[{"embeddable":true,"href":"http:\/\/costaodaserrasc.com.br\/loja\/wp-json\/wp\/v2\/media\/2177"}],"wp:attachment":[{"href":"http:\/\/costaodaserrasc.com.br\/loja\/wp-json\/wp\/v2\/media?parent=1682"}],"curies":[{"name":"wp","href":"https:\/\/api.w.org\/{rel}","templated":true}]}}