{"id":1670,"date":"2018-03-31T19:10:51","date_gmt":"2018-03-31T22:10:51","guid":{"rendered":"http:\/\/costaodaserrasc.com.br\/loja\/?post_type=product&#038;p=1670"},"modified":"2024-05-10T15:11:23","modified_gmt":"2024-05-10T18:11:23","slug":"antepasto-berinjela-italiana-180g","status":"publish","type":"product","link":"http:\/\/costaodaserrasc.com.br\/loja\/loja\/antepastos\/antepasto-berinjela-italiana-180g\/","title":{"rendered":"Antepasto Berinjela Italiana 180g"},"content":{"rendered":"<p>Antepasto Beringela Italiana 180g<\/p>\n<p><strong>A berinjela com sua textura carnuda, combinada com outros ingredientes nos leva a degustar sabores variados. Servida tradicionalmente como aperitivo em p\u00e3es e torradas, tamb\u00e9m pode acompanhar nossas refei\u00e7\u00f5es com arroz, massas, carnes e saladas.\u00a0<\/strong><\/p>\n<p><strong>ANTEPASTO DE BERINJELA ITALIANA<\/strong><br \/>\nIngredientes: Berinjela, tomate, piment\u00e3o verde, piment\u00e3o vermelho, cebola, \u00f3leo de girassol, azeite de oliva, vinagre, sal e or\u00e9gano.<br \/>\nEmbalagens de 180g<br \/>\nCaixas com 12 un.<\/p>\n","protected":false},"excerpt":{"rendered":"<p>Antepasto Beringela Italiana 180g A berinjela com sua textura carnuda, combinada com outros ingredientes nos leva a degustar sabores variados.<\/p>\n","protected":false},"featured_media":2179,"comment_status":"open","ping_status":"closed","template":"","meta":[],"_links":{"self":[{"href":"http:\/\/costaodaserrasc.com.br\/loja\/wp-json\/wp\/v2\/product\/1670"}],"collection":[{"href":"http:\/\/costaodaserrasc.com.br\/loja\/wp-json\/wp\/v2\/product"}],"about":[{"href":"http:\/\/costaodaserrasc.com.br\/loja\/wp-json\/wp\/v2\/types\/product"}],"replies":[{"embeddable":true,"href":"http:\/\/costaodaserrasc.com.br\/loja\/wp-json\/wp\/v2\/comments?post=1670"}],"wp:featuredmedia":[{"embeddable":true,"href":"http:\/\/costaodaserrasc.com.br\/loja\/wp-json\/wp\/v2\/media\/2179"}],"wp:attachment":[{"href":"http:\/\/costaodaserrasc.com.br\/loja\/wp-json\/wp\/v2\/media?parent=1670"}],"curies":[{"name":"wp","href":"https:\/\/api.w.org\/{rel}","templated":true}]}}