{"id":5,"date":"2018-01-01T19:14:29","date_gmt":"2018-01-01T19:14:29","guid":{"rendered":"http:\/\/costaodaserrasc.com.br\/loja\/wishlist\/"},"modified":"2018-01-01T19:14:29","modified_gmt":"2018-01-01T19:14:29","slug":"wishlist","status":"publish","type":"page","link":"http:\/\/costaodaserrasc.com.br\/loja\/wishlist\/","title":{"rendered":"Lista de Desejos"},"content":{"rendered":"<div id=\"yith-wcwl-messages\"><\/div>\n\n\n\n<form id=\"yith-wcwl-form\" action=\"http:\/\/costaodaserrasc.com.br\/loja\/wishlist\/view\/\" method=\"post\" class=\"woocommerce\">\n\n    <input type=\"hidden\" id=\"yith_wcwl_form_nonce\" name=\"yith_wcwl_form_nonce\" value=\"85920304f9\" \/><input type=\"hidden\" name=\"_wp_http_referer\" value=\"\/loja\/wp-json\/wp\/v2\/pages\/5\" \/>\n    <!-- TITLE -->\n    \n    <!-- WISHLIST TABLE -->\n\t<table class=\"shop_table_responsive shop_table cart wishlist_table\" data-pagination=\"no\" data-per-page=\"5\" data-page=\"1\" data-id=\"\" data-token=\"\">\n\n\t    \n        <thead>\n        <tr>\n\t        \n\t        \t\t        <th class=\"product-remove\"><\/th>\n\t        \n            <th class=\"product-thumbnail\"><\/th>\n\n            <th class=\"product-name\">\n                <span class=\"nobr\">Nome do Produto<\/span>\n            <\/th>\n\n            \n                <th class=\"product-price\">\n                    <span class=\"nobr\">\n                        Pre\u00e7o unit\u00e1rio                    <\/span>\n                <\/th>\n\n            \n            \n                <th class=\"product-stock-status\">\n                    <span class=\"nobr\">\n                        Status do estoque                    <\/span>\n                <\/th>\n\n            \n            \n                <th class=\"product-add-to-cart\"><\/th>\n\n                    <\/tr>\n        <\/thead>\n\n        <tbody>\n                    <tr>\n                <td colspan=\"6\" class=\"wishlist-empty\">Nenhum produto foi adicionado \u00e0 lista de desejos<\/td>\n            <\/tr>\n                <\/tbody>\n\n        <tfoot>\n        <tr>\n\t        <td colspan=\"6\">\n\t            \n\t            \n\t\t        \t        <\/td>\n        <\/tr>\n        <\/tfoot>\n\n    <\/table>\n\n    <input type=\"hidden\" id=\"yith_wcwl_edit_wishlist\" name=\"yith_wcwl_edit_wishlist\" value=\"7b9ec2f73a\" \/><input type=\"hidden\" name=\"_wp_http_referer\" value=\"\/loja\/wp-json\/wp\/v2\/pages\/5\" \/>\n            <input type=\"hidden\" value=\"\" name=\"wishlist_id\" id=\"wishlist_id\">\n    \n    \n<\/form>\n\n\n\n","protected":false},"excerpt":{"rendered":"Nome do Produto Pre\u00e7o unit\u00e1rio Status do estoque Nenhum produto foi adicionado \u00e0 lista de desejos","protected":false},"author":1,"featured_media":0,"parent":0,"menu_order":0,"comment_status":"closed","ping_status":"closed","template":"","meta":{"footnotes":""},"_links":{"self":[{"href":"http:\/\/costaodaserrasc.com.br\/loja\/wp-json\/wp\/v2\/pages\/5"}],"collection":[{"href":"http:\/\/costaodaserrasc.com.br\/loja\/wp-json\/wp\/v2\/pages"}],"about":[{"href":"http:\/\/costaodaserrasc.com.br\/loja\/wp-json\/wp\/v2\/types\/page"}],"author":[{"embeddable":true,"href":"http:\/\/costaodaserrasc.com.br\/loja\/wp-json\/wp\/v2\/users\/1"}],"replies":[{"embeddable":true,"href":"http:\/\/costaodaserrasc.com.br\/loja\/wp-json\/wp\/v2\/comments?post=5"}],"version-history":[{"count":0,"href":"http:\/\/costaodaserrasc.com.br\/loja\/wp-json\/wp\/v2\/pages\/5\/revisions"}],"wp:attachment":[{"href":"http:\/\/costaodaserrasc.com.br\/loja\/wp-json\/wp\/v2\/media?parent=5"}],"curies":[{"name":"wp","href":"https:\/\/api.w.org\/{rel}","templated":true}]}}