{"id":1626,"date":"2018-03-03T22:25:17","date_gmt":"2018-03-04T01:25:17","guid":{"rendered":"http:\/\/costaodaserrasc.com.br\/loja\/?page_id=1626"},"modified":"2018-12-21T00:12:50","modified_gmt":"2018-12-21T02:12:50","slug":"sobre-o-costao-da-serra-gourmet","status":"publish","type":"page","link":"http:\/\/costaodaserrasc.com.br\/loja\/sobre-o-costao-da-serra-gourmet\/","title":{"rendered":"Sobre o Cost\u00e3o da Serra Gourmet"},"content":{"rendered":"<p>[vc_row][vc_column][vc_single_image image=&#8221;2054&#8243; img_size=&#8221;115&#215;130&#8243; alignment=&#8221;center&#8221;][\/vc_column][\/vc_row][vc_row][vc_column]\t\n\t\t\t<div id=\"wd-69f5121890f84\" class=\"woodmart-text-block-wrapper color-scheme-dark woodmart-title-size-custom woodmart-title-width-100 text-center \">\n\t\t\t\t<div class=\"woodmart-title-container woodmart-text-block font-primary woodmart-font-weight-400\">\n\t\t\t\t\tCost\u00e3o da Serra, tem sabor de hist\u00f3ria e tradi\u00e7\u00e3o\t\t\t\t<\/div>\n\t\t\t\t\t\n\t\t\t<\/div>\n\t\t[\/vc_column][\/vc_row][vc_row][vc_column]\t\n\t\t\t<div id=\"wd-69f5121890fca\" class=\"woodmart-text-block-wrapper color-scheme- woodmart-title-size-custom woodmart-title-width-100 text-center \">\n\t\t\t\t<div class=\"woodmart-title-container woodmart-text-block font-text woodmart-font-weight-\">\n\t\t\t\t\tTudo come\u00e7ou em 1997 na encosta da Serra de S\u00e3o Bento Alto, munic\u00edpio de Sider\u00f3polis, Santa Catarina<\/p>\n<p>. Uma pequena casinha abrigou o sonho familiar de um caf\u00e9 colonial que oferecia pratos feitos com ingredientes produzidos na regi\u00e3o, t\u00edpicos da col\u00f4nia italiana. O nome do estabelecimento foi escolhido de modo a homenagear a comunidade local, carinhosamente conhecida por todas na regi\u00e3o como Cost\u00e3o da Serra.<\/p>\n<p>\t\t\t\t<\/div>\n\t\t\t\t\t\n\t\t\t<\/div>\n\t\t[vc_single_image image=&#8221;1637&#8243; img_size=&#8221;884&#215;216&#8243; alignment=&#8221;center&#8221;]\t\n\t\t\t<div id=\"wd-69f5121890fe1\" class=\"woodmart-text-block-wrapper color-scheme- woodmart-title-size-custom woodmart-title-width-100 text-center \">\n\t\t\t\t<div class=\"woodmart-title-container woodmart-text-block font-text woodmart-font-weight-\">\n\t\t\t\t\tO cen\u00e1rio paradis\u00edaco do campo, aliado a paisagem imponente da Serra Geral, s\u00f3 ficavam em segundo plano quando as del\u00edcias exclusivas eram servidas no Caf\u00e9 Colonial, com destaque para os molhos e antepastos produzidos com uma peculiariadade inconfund\u00edvel.<br \/>\nDe modo \u00e0 suprir uma necessidade dos grandes supermercados da regi\u00e3o e do sul do Brasil, em 2002, o Cost\u00e3o da Serra deixaria de ser um caf\u00e9 colonial e passaria a industrializar os antepastos de molhos servidos no seu buffet. Para satisfazer a log\u00edstica necess\u00e1ria do empreendimento, o Cost\u00e3o da Serra mudou sua localiza\u00e7\u00e3o para Crici\u00fama, principal cidade do sul catarinense. Hoje, a hist\u00f3ria de tradi\u00e7\u00e3o e sabor mant\u00e9m todas as credenciais necess\u00e1rias para que os produtos Cost\u00e3o da Serra ganhem sempre posi\u00e7\u00e3o de prefer\u00eancia, quando se busca alimentos saborosos, saud\u00e1veis e pr\u00e1ticos.<\/p>\n<p>Tudo isso \u00e9 claro, sem deixar de lado a sua principal miss\u00e3o: a de preservar o sabor original da cozinha colonial. Todos os produtos Cost\u00e3o da Serra, s\u00e3o preparados com cuidados artesanais, o que preserva a ess\u00eancia dos ingredientes escolhidos rigorasamente, para satisfazer os paladares mais exigentes.<\/p>\n<p>Com o objetivo de apresentar ideias para dar mais sabor ao seu dia, acreditando por\u00e9m que n\u00e3o h\u00e1 limites para a criatividade, o Cost\u00e3o da Serra orienta especialmente quem precisa de uma culin\u00e1ria pr\u00e1tica, mas n\u00e3o abre m\u00e3o de pratos preparados com amor.\t\t\t\t<\/div>\n\t\t\t\t\t\n\t\t\t<\/div>\n\t\t[\/vc_column][\/vc_row][vc_row][vc_column][vc_single_image image=&#8221;1638&#8243; img_size=&#8221;844&#215;199&#8243; alignment=&#8221;center&#8221;]\t\n\t\t\t<div id=\"wd-69f5121890ff5\" class=\"woodmart-text-block-wrapper color-scheme-dark woodmart-title-size-custom woodmart-title-width-100 text-right \">\n\t\t\t\t<div class=\"woodmart-title-container woodmart-text-block font-primary woodmart-font-weight-400\">\n\t\t\t\t\t<strong><em>Bom apetite!<\/em><\/strong>\t\t\t\t<\/div>\n\t\t\t\t\t\n\t\t\t<\/div>\n\t\t[\/vc_column][\/vc_row]<\/p>\n","protected":false},"excerpt":{"rendered":"<p>[vc_row][vc_column][vc_single_image image=&#8221;2054&#8243; img_size=&#8221;115&#215;130&#8243; alignment=&#8221;center&#8221;][\/vc_column][\/vc_row][vc_row][vc_column][\/vc_column][\/vc_row][vc_row][vc_column][vc_single_image image=&#8221;1637&#8243; img_size=&#8221;884&#215;216&#8243; alignment=&#8221;center&#8221;][\/vc_column][\/vc_row][vc_row][vc_column][vc_single_image image=&#8221;1638&#8243; img_size=&#8221;844&#215;199&#8243; alignment=&#8221;center&#8221;][\/vc_column][\/vc_row]<\/p>\n","protected":false},"author":1,"featured_media":0,"parent":0,"menu_order":0,"comment_status":"closed","ping_status":"closed","template":"","meta":{"footnotes":""},"_links":{"self":[{"href":"http:\/\/costaodaserrasc.com.br\/loja\/wp-json\/wp\/v2\/pages\/1626"}],"collection":[{"href":"http:\/\/costaodaserrasc.com.br\/loja\/wp-json\/wp\/v2\/pages"}],"about":[{"href":"http:\/\/costaodaserrasc.com.br\/loja\/wp-json\/wp\/v2\/types\/page"}],"author":[{"embeddable":true,"href":"http:\/\/costaodaserrasc.com.br\/loja\/wp-json\/wp\/v2\/users\/1"}],"replies":[{"embeddable":true,"href":"http:\/\/costaodaserrasc.com.br\/loja\/wp-json\/wp\/v2\/comments?post=1626"}],"version-history":[{"count":16,"href":"http:\/\/costaodaserrasc.com.br\/loja\/wp-json\/wp\/v2\/pages\/1626\/revisions"}],"predecessor-version":[{"id":2071,"href":"http:\/\/costaodaserrasc.com.br\/loja\/wp-json\/wp\/v2\/pages\/1626\/revisions\/2071"}],"wp:attachment":[{"href":"http:\/\/costaodaserrasc.com.br\/loja\/wp-json\/wp\/v2\/media?parent=1626"}],"curies":[{"name":"wp","href":"https:\/\/api.w.org\/{rel}","templated":true}]}}